{"id":10,"date":"2016-04-13T13:02:05","date_gmt":"2016-04-13T11:02:05","guid":{"rendered":"https:\/\/globaltechitalia.com\/francesco\/?page_id=10"},"modified":"2022-05-16T16:06:03","modified_gmt":"2022-05-16T14:06:03","slug":"smart-solutions","status":"publish","type":"page","link":"https:\/\/www.globaltechitalia.com\/?page_id=10","title":{"rendered":"Smart Solutions"},"content":{"rendered":"\t\t<div data-elementor-type=\"wp-page\" data-elementor-id=\"10\" class=\"elementor elementor-10\">\n\t\t\t\t\t\t\t\t\t<section class=\"elementor-section elementor-top-section elementor-element elementor-element-d8d8b5d ot-traditional elementor-section-boxed elementor-section-height-default elementor-section-height-default\" data-id=\"d8d8b5d\" data-element_type=\"section\">\n\t\t\t\t\t\t<div class=\"elementor-container elementor-column-gap-default\">\n\t\t\t\t\t<div class=\"elementor-column elementor-col-100 elementor-top-column elementor-element elementor-element-c645b93 ot-flex-column-vertical\" data-id=\"c645b93\" data-element_type=\"column\">\n\t\t\t<div class=\"elementor-widget-wrap elementor-element-populated\">\n\t\t\t\t\t\t\t\t<div class=\"elementor-element elementor-element-6fb14f8 elementor-widget elementor-widget-spacer\" data-id=\"6fb14f8\" data-element_type=\"widget\" data-widget_type=\"spacer.default\">\n\t\t\t\t<div class=\"elementor-widget-container\">\n\t\t\t<style>\/*! elementor - v3.11.5 - 14-03-2023 *\/\n.elementor-column .elementor-spacer-inner{height:var(--spacer-size)}.e-con{--container-widget-width:100%}.e-con-inner>.elementor-widget-spacer,.e-con>.elementor-widget-spacer{width:var(--container-widget-width,var(--spacer-size));--align-self:var(--container-widget-align-self,initial);--flex-shrink:0}.e-con-inner>.elementor-widget-spacer>.elementor-widget-container,.e-con-inner>.elementor-widget-spacer>.elementor-widget-container>.elementor-spacer,.e-con>.elementor-widget-spacer>.elementor-widget-container,.e-con>.elementor-widget-spacer>.elementor-widget-container>.elementor-spacer{height:100%}.e-con-inner>.elementor-widget-spacer>.elementor-widget-container>.elementor-spacer>.elementor-spacer-inner,.e-con>.elementor-widget-spacer>.elementor-widget-container>.elementor-spacer>.elementor-spacer-inner{height:var(--container-widget-height,var(--spacer-size))}<\/style>\t\t<div class=\"elementor-spacer\">\n\t\t\t<div class=\"elementor-spacer-inner\"><\/div>\n\t\t<\/div>\n\t\t\t\t<\/div>\n\t\t\t\t<\/div>\n\t\t\t\t<div class=\"elementor-element elementor-element-f17d7bd elementor-widget elementor-widget-spacer\" data-id=\"f17d7bd\" data-element_type=\"widget\" data-widget_type=\"spacer.default\">\n\t\t\t\t<div class=\"elementor-widget-container\">\n\t\t\t\t\t<div class=\"elementor-spacer\">\n\t\t\t<div class=\"elementor-spacer-inner\"><\/div>\n\t\t<\/div>\n\t\t\t\t<\/div>\n\t\t\t\t<\/div>\n\t\t\t\t\t<\/div>\n\t\t<\/div>\n\t\t\t\t\t\t\t<\/div>\n\t\t<\/section>\n\t\t\t\t<section class=\"elementor-section elementor-top-section elementor-element elementor-element-4959b443 ot-traditional elementor-section-boxed elementor-section-height-default elementor-section-height-default\" data-id=\"4959b443\" data-element_type=\"section\">\n\t\t\t\t\t\t<div class=\"elementor-container elementor-column-gap-default\">\n\t\t\t\t\t<div class=\"elementor-column elementor-col-100 elementor-top-column elementor-element elementor-element-2d030448 ot-flex-column-vertical\" data-id=\"2d030448\" data-element_type=\"column\">\n\t\t\t<div class=\"elementor-widget-wrap elementor-element-populated\">\n\t\t\t\t\t\t\t\t<div class=\"elementor-element elementor-element-a5402db elementor-widget elementor-widget-text-editor\" data-id=\"a5402db\" data-element_type=\"widget\" data-widget_type=\"text-editor.default\">\n\t\t\t\t<div class=\"elementor-widget-container\">\n\t\t\t<style>\/*! elementor - v3.11.5 - 14-03-2023 *\/\n.elementor-widget-text-editor.elementor-drop-cap-view-stacked .elementor-drop-cap{background-color:#818a91;color:#fff}.elementor-widget-text-editor.elementor-drop-cap-view-framed .elementor-drop-cap{color:#818a91;border:3px solid;background-color:transparent}.elementor-widget-text-editor:not(.elementor-drop-cap-view-default) .elementor-drop-cap{margin-top:8px}.elementor-widget-text-editor:not(.elementor-drop-cap-view-default) .elementor-drop-cap-letter{width:1em;height:1em}.elementor-widget-text-editor .elementor-drop-cap{float:left;text-align:center;line-height:1;font-size:50px}.elementor-widget-text-editor .elementor-drop-cap-letter{display:inline-block}<\/style>\t\t\t\t<div class=\"page_text_block\">Progettiamo e realizziamo piattaforme di servizi pronti per essere connessi, trasformando gli impianti di illuminazione esistenti nella pi\u00f9 estesa rete di comunicazione presente sui territori urbani ed extra-urbani, attivando una ampia gamma di servizi per migliorare la qualit\u00e0 della vita e rendere le citt\u00e0 pi\u00f9 Smart, sicure ed ecosostenibili.<\/div>\n<div class=\"page_text_block\">\n<div>I cambiamenti in atto impongono di ripensare la citt\u00e0 da un punto di vista culturale, sociale ed economico per rendere i sistemi urbani pi\u00f9 efficienti.<\/div>\n<div>La nostra proposta Smart City 2.0 prevede quindi una architettura in cui si fondono Cloud &#8211; IoT &#8211; Big Data &#8211; Analytics alimentano\u00a0il modulo di Urban Center tramite il quale rendere fruibili nuovi servizi ai cittadini.<\/div>\n<\/div>\n\n<br><br><br>\n\n<img decoding=\"async\" class=\" wp-image-128 aligncenter\" src=\"http:\/\/www.globaltechitalia.com\/wp-content\/uploads\/2016\/04\/GlobalTI-SmartCity-Platform-1024x721.jpg\" alt=\"GlobalTI-SmartCity-Platform\" width=\"800\" srcset=\"https:\/\/www.globaltechitalia.com\/wp-content\/uploads\/2016\/04\/GlobalTI-SmartCity-Platform-1024x721.jpg 1024w, https:\/\/www.globaltechitalia.com\/wp-content\/uploads\/2016\/04\/GlobalTI-SmartCity-Platform-300x211.jpg 300w, https:\/\/www.globaltechitalia.com\/wp-content\/uploads\/2016\/04\/GlobalTI-SmartCity-Platform-768x540.jpg 768w, https:\/\/www.globaltechitalia.com\/wp-content\/uploads\/2016\/04\/GlobalTI-SmartCity-Platform-720x507.jpg 720w, https:\/\/www.globaltechitalia.com\/wp-content\/uploads\/2016\/04\/GlobalTI-SmartCity-Platform.jpg 1394w\" sizes=\"(max-width: 1024px) 100vw, 1024px\" \/>\n<div class=\"page_text_block\">\n<\/div>\t\t\t\t\t\t<\/div>\n\t\t\t\t<\/div>\n\t\t\t\t<div class=\"elementor-element elementor-element-4a5641b elementor-widget elementor-widget-spacer\" data-id=\"4a5641b\" data-element_type=\"widget\" data-widget_type=\"spacer.default\">\n\t\t\t\t<div class=\"elementor-widget-container\">\n\t\t\t\t\t<div class=\"elementor-spacer\">\n\t\t\t<div class=\"elementor-spacer-inner\"><\/div>\n\t\t<\/div>\n\t\t\t\t<\/div>\n\t\t\t\t<\/div>\n\t\t\t\t<div class=\"elementor-element elementor-element-4c29b73 elementor-widget elementor-widget-spacer\" data-id=\"4c29b73\" data-element_type=\"widget\" data-widget_type=\"spacer.default\">\n\t\t\t\t<div class=\"elementor-widget-container\">\n\t\t\t\t\t<div class=\"elementor-spacer\">\n\t\t\t<div class=\"elementor-spacer-inner\"><\/div>\n\t\t<\/div>\n\t\t\t\t<\/div>\n\t\t\t\t<\/div>\n\t\t\t\t<div class=\"elementor-element elementor-element-afabd3d elementor-widget elementor-widget-text-editor\" data-id=\"afabd3d\" data-element_type=\"widget\" data-widget_type=\"text-editor.default\">\n\t\t\t\t<div class=\"elementor-widget-container\">\n\t\t\t\t\t\t\t<h4>Questo concetto di Smart City 2.0 appare la risposta pi\u00f9 adeguata per<\/h4>\t\t\t\t\t\t<\/div>\n\t\t\t\t<\/div>\n\t\t\t\t<div class=\"elementor-element elementor-element-88123fe elementor-widget elementor-widget-spacer\" data-id=\"88123fe\" data-element_type=\"widget\" data-widget_type=\"spacer.default\">\n\t\t\t\t<div class=\"elementor-widget-container\">\n\t\t\t\t\t<div class=\"elementor-spacer\">\n\t\t\t<div class=\"elementor-spacer-inner\"><\/div>\n\t\t<\/div>\n\t\t\t\t<\/div>\n\t\t\t\t<\/div>\n\t\t\t\t<div class=\"elementor-element elementor-element-92a5b66 ot-view-default elementor-widget elementor-widget-ot-icon-list\" data-id=\"92a5b66\" data-element_type=\"widget\" data-widget_type=\"ot-icon-list.default\">\n\t\t\t\t<div class=\"elementor-widget-container\">\n\t\t\t\t        <div class=\"ot-icon-list-wrapper\">\r\n\t        \t<ul class=\"unstyle ot-icon-list-items \">\r\n\t        \t\t\t        \t\t\t<li class=\"ot-icon-list-item \">\r\n\t        \t\t\t\t\r\n\t\t\t\t\t\t\t<span class=\"ot-icon-list-icon\">\r\n\t\t\t\t\t\t\t\t<i aria-hidden=\"true\" class=\"far fa-dot-circle\"><\/i>\t\t\t\t\t\t\t<\/span>\r\n\t\t\t\t\t\t\t\t\t\t\t\t\t\t<span class=\"ot-icon-list-text\">Programmare lo sviluppo urbano coinvolgendo in un progetto integrato attori, ambiti e risorse<\/span>\r\n\t\t\t\t\t\t\t\t        \t\t\t<\/li>\r\n\t        \t\t\t        \t\t\t<li class=\"ot-icon-list-item \">\r\n\t        \t\t\t\t\r\n\t\t\t\t\t\t\t<span class=\"ot-icon-list-icon\">\r\n\t\t\t\t\t\t\t\t<i aria-hidden=\"true\" class=\"far fa-dot-circle\"><\/i>\t\t\t\t\t\t\t<\/span>\r\n\t\t\t\t\t\t\t\t\t\t\t\t\t\t<span class=\"ot-icon-list-text\">Trovare soluzioni ai bisogni indotti dai cambiamenti socio-economici in corso<\/span>\r\n\t\t\t\t\t\t\t\t        \t\t\t<\/li>\r\n\t        \t\t\t        \t\t\t<li class=\"ot-icon-list-item \">\r\n\t        \t\t\t\t\r\n\t\t\t\t\t\t\t<span class=\"ot-icon-list-icon\">\r\n\t\t\t\t\t\t\t\t<i aria-hidden=\"true\" class=\"far fa-dot-circle\"><\/i>\t\t\t\t\t\t\t<\/span>\r\n\t\t\t\t\t\t\t\t\t\t\t\t\t\t<span class=\"ot-icon-list-text\">Valorizzare le risorse naturali ed il patrimonio urbano esistente<\/span>\r\n\t\t\t\t\t\t\t\t        \t\t\t<\/li>\r\n\t        \t\t\t        \t\t\t<li class=\"ot-icon-list-item \">\r\n\t        \t\t\t\t\r\n\t\t\t\t\t\t\t<span class=\"ot-icon-list-icon\">\r\n\t\t\t\t\t\t\t\t<i aria-hidden=\"true\" class=\"far fa-dot-circle\"><\/i>\t\t\t\t\t\t\t<\/span>\r\n\t\t\t\t\t\t\t\t\t\t\t\t\t\t<span class=\"ot-icon-list-text\">\u201cIncludere\u201d PA, aziende e cittadini, sia in termini di fruizione dei servizi che di partecipazione attiva della popolazione<\/span>\r\n\t\t\t\t\t\t\t\t        \t\t\t<\/li>\r\n\t        \t\t\t        \t\t\t<li class=\"ot-icon-list-item \">\r\n\t        \t\t\t\t\r\n\t\t\t\t\t\t\t<span class=\"ot-icon-list-icon\">\r\n\t\t\t\t\t\t\t\t<i aria-hidden=\"true\" class=\"far fa-dot-circle\"><\/i>\t\t\t\t\t\t\t<\/span>\r\n\t\t\t\t\t\t\t\t\t\t\t\t\t\t<span class=\"ot-icon-list-text\">Promuovere l\u2019innovazione come strumento strategico di pianificazione urbana in un\u2019ottica di integrazione per una citt\u00e0 pi\u00f9 vivibile al servizio dei cittadini<\/span>\r\n\t\t\t\t\t\t\t\t        \t\t\t<\/li>\r\n\t        \t\t\t        \t<\/ul>\r\n\t        <\/div>\r\n\t    \t\t<\/div>\n\t\t\t\t<\/div>\n\t\t\t\t<div class=\"elementor-element elementor-element-8cab0f9 elementor-widget elementor-widget-spacer\" data-id=\"8cab0f9\" data-element_type=\"widget\" data-widget_type=\"spacer.default\">\n\t\t\t\t<div class=\"elementor-widget-container\">\n\t\t\t\t\t<div class=\"elementor-spacer\">\n\t\t\t<div class=\"elementor-spacer-inner\"><\/div>\n\t\t<\/div>\n\t\t\t\t<\/div>\n\t\t\t\t<\/div>\n\t\t\t\t<div class=\"elementor-element elementor-element-0e92e37 elementor-widget elementor-widget-text-editor\" data-id=\"0e92e37\" data-element_type=\"widget\" data-widget_type=\"text-editor.default\">\n\t\t\t\t<div class=\"elementor-widget-container\">\n\t\t\t\t\t\t\t<h4>Seguendo questi link potrete visualizzare alcune nostre applicazioni in uso presso le P.A. italiane<\/h4>\t\t\t\t\t\t<\/div>\n\t\t\t\t<\/div>\n\t\t\t\t\t<\/div>\n\t\t<\/div>\n\t\t\t\t\t\t\t<\/div>\n\t\t<\/section>\n\t\t\t\t<section class=\"elementor-section elementor-top-section elementor-element elementor-element-0904fd7 ot-traditional elementor-section-boxed elementor-section-height-default elementor-section-height-default\" data-id=\"0904fd7\" data-element_type=\"section\">\n\t\t\t\t\t\t<div class=\"elementor-container elementor-column-gap-default\">\n\t\t\t\t\t<div class=\"elementor-column elementor-col-100 elementor-top-column elementor-element elementor-element-7bc57bc ot-flex-column-vertical\" data-id=\"7bc57bc\" data-element_type=\"column\">\n\t\t\t<div class=\"elementor-widget-wrap elementor-element-populated\">\n\t\t\t\t\t\t\t\t<div class=\"elementor-element elementor-element-32cc1ad elementor-widget elementor-widget-spacer\" data-id=\"32cc1ad\" data-element_type=\"widget\" data-widget_type=\"spacer.default\">\n\t\t\t\t<div class=\"elementor-widget-container\">\n\t\t\t\t\t<div class=\"elementor-spacer\">\n\t\t\t<div class=\"elementor-spacer-inner\"><\/div>\n\t\t<\/div>\n\t\t\t\t<\/div>\n\t\t\t\t<\/div>\n\t\t\t\t<div class=\"elementor-element elementor-element-d0bd096 elementor-hidden-desktop elementor-hidden-tablet elementor-hidden-mobile elementor-widget elementor-widget-text-editor\" data-id=\"d0bd096\" data-element_type=\"widget\" data-widget_type=\"text-editor.default\">\n\t\t\t\t<div class=\"elementor-widget-container\">\n\t\t\t\t\t\t\t<ul><li><a href=\"http:\/\/www.globaltechitalia.com\/?page_id=46\">Infomobilit\u00e0<\/a><\/li><li><a href=\"http:\/\/www.globaltechitalia.com\/?page_id=44\">Parcheggi intelligenti<\/a><\/li><li><a href=\"http:\/\/www.globaltechitalia.com\/?page_id=50\">Monitoraggio del traffico<\/a><\/li><li><a href=\"http:\/\/www.globaltechitalia.com\/?page_id=58\">Monitoraggio rifiuti<\/a><\/li><li><a href=\"http:\/\/www.globaltechitalia.com\/?page_id=54\">Monitoraggio investimenti pubblici<\/a><\/li><li><a href=\"http:\/\/www.globaltechitalia.com\/?page_id=48\">Urban Center<\/a><\/li><li><a href=\"http:\/\/www.globaltechitalia.com\/?page_id=52\">e-Partecipation<\/a><\/li><li><a href=\"http:\/\/www.globaltechitalia.com\/?page_id=56\">Telecontrollo Illuminazione Pubblica<\/a><\/li><\/ul>\t\t\t\t\t\t<\/div>\n\t\t\t\t<\/div>\n\t\t\t\t\t<\/div>\n\t\t<\/div>\n\t\t\t\t\t\t\t<\/div>\n\t\t<\/section>\n\t\t\t\t<section class=\"elementor-section elementor-top-section elementor-element elementor-element-b7cbec8 ot-traditional elementor-section-boxed elementor-section-height-default elementor-section-height-default\" data-id=\"b7cbec8\" data-element_type=\"section\">\n\t\t\t\t\t\t<div class=\"elementor-container elementor-column-gap-default\">\n\t\t\t\t\t<div class=\"elementor-column elementor-col-33 elementor-top-column elementor-element elementor-element-a00f329 ot-flex-column-vertical\" data-id=\"a00f329\" data-element_type=\"column\">\n\t\t\t<div class=\"elementor-widget-wrap elementor-element-populated\">\n\t\t\t\t\t\t\t\t<div class=\"elementor-element elementor-element-05fe6e8 elementor-widget elementor-widget-iiconbox2\" data-id=\"05fe6e8\" data-element_type=\"widget\" data-widget_type=\"iiconbox2.default\">\n\t\t\t\t<div class=\"elementor-widget-container\">\n\t\t\t\t\t<div class=\"icon-box-s2 s2\">\r\n\t\t\t<div class=\"icon-main\">\r\n\t\t        \t\t\t    \t\t        \t\t        \t        <\/div>\r\n\t        <div class=\"content-box\">\r\n\t            <h5><a href=\"http:\/\/www.globaltechitalia.com\/?page_id=46\">Infomobilit\u00e0<\/a><\/h5>\r\n\t            <p>Il modulo mette a disposizione tramite canali diversificati (web, app, sistemi di digital signage) informazioni per il cittadino...<\/p>\r\n\t        <\/div>\r\n\t    <\/div>\r\n\t    \t\t<\/div>\n\t\t\t\t<\/div>\n\t\t\t\t<div class=\"elementor-element elementor-element-9ec4bda elementor-widget elementor-widget-iiconbox2\" data-id=\"9ec4bda\" data-element_type=\"widget\" data-widget_type=\"iiconbox2.default\">\n\t\t\t\t<div class=\"elementor-widget-container\">\n\t\t\t\t\t<div class=\"icon-box-s2 s2\">\r\n\t\t\t<div class=\"icon-main\">\r\n\t\t        \t\t\t    \t\t        \t\t        \t        <\/div>\r\n\t        <div class=\"content-box\">\r\n\t            <h5><a href=\"https:\/\/www.globaltechitalia.com\/?page_id=58\">Monitoraggio rifiuti  <br><\/a><\/h5>\r\n\t            <p>La soluzione di Monitoraggio Rifiuti consente di monitorare, nel pieno rispetto della privacy, le aree urbane ed extraurbane dove \u00e8 previsto divieto di scarico...<\/p>\r\n\t        <\/div>\r\n\t    <\/div>\r\n\t    \t\t<\/div>\n\t\t\t\t<\/div>\n\t\t\t\t<div class=\"elementor-element elementor-element-9f7f578 elementor-widget elementor-widget-iiconbox2\" data-id=\"9f7f578\" data-element_type=\"widget\" data-widget_type=\"iiconbox2.default\">\n\t\t\t\t<div class=\"elementor-widget-container\">\n\t\t\t\t\t<div class=\"icon-box-s2 s2\">\r\n\t\t\t<div class=\"icon-main\">\r\n\t\t        \t\t\t    \t\t        \t\t        \t        <\/div>\r\n\t        <div class=\"content-box\">\r\n\t            <h5><a href=\"https:\/\/www.globaltechitalia.com\/?page_id=52\">e-Partecipation<\/a><\/h5>\r\n\t            <p>La soluzione consente l\u2019interazione fra cittadini e Pubblica Amministrazione, attraverso la segnalazione dei disagi e dei disservizi presenti nel territorio dell\u2019Ente.  <br><br><\/p>\r\n\t        <\/div>\r\n\t    <\/div>\r\n\t    \t\t<\/div>\n\t\t\t\t<\/div>\n\t\t\t\t\t<\/div>\n\t\t<\/div>\n\t\t\t\t<div class=\"elementor-column elementor-col-33 elementor-top-column elementor-element elementor-element-4c41a4b ot-flex-column-vertical\" data-id=\"4c41a4b\" data-element_type=\"column\">\n\t\t\t<div class=\"elementor-widget-wrap elementor-element-populated\">\n\t\t\t\t\t\t\t\t<div class=\"elementor-element elementor-element-d04c1a4 elementor-widget elementor-widget-iiconbox2\" data-id=\"d04c1a4\" data-element_type=\"widget\" data-widget_type=\"iiconbox2.default\">\n\t\t\t\t<div class=\"elementor-widget-container\">\n\t\t\t\t\t<div class=\"icon-box-s2 s2\">\r\n\t\t\t<div class=\"icon-main\">\r\n\t\t        \t\t\t    \t\t        \t\t        \t        <\/div>\r\n\t        <div class=\"content-box\">\r\n\t            <h5><a href=\"https:\/\/www.globaltechitalia.com\/?page_id=44\">Parcheggi intelligenti<\/a><\/h5>\r\n\t            <p>Permette di gestire nel territorio i parcheggi e la mobilit\u00e0 con semplicit\u00e0. Smart Parking consente di gestire la segnalazione dei posti auto liberi...<\/p>\r\n\t        <\/div>\r\n\t    <\/div>\r\n\t    \t\t<\/div>\n\t\t\t\t<\/div>\n\t\t\t\t<div class=\"elementor-element elementor-element-d0da044 elementor-widget elementor-widget-iiconbox2\" data-id=\"d0da044\" data-element_type=\"widget\" data-widget_type=\"iiconbox2.default\">\n\t\t\t\t<div class=\"elementor-widget-container\">\n\t\t\t\t\t<div class=\"icon-box-s2 s2\">\r\n\t\t\t<div class=\"icon-main\">\r\n\t\t        \t\t\t    \t\t        \t\t        \t        <\/div>\r\n\t        <div class=\"content-box\">\r\n\t            <h5><a href=\"https:\/\/www.globaltechitalia.com\/?page_id=54\">Monitoraggio investimenti pubblici <\/a><\/h5>\r\n\t            <p>Il modulo permette l\u2019archiviazione e la classificazione   degli edifici di propriet\u00e0 dell\u2019Ente, la relativa gestione degli interventi di manutenzione... <\/p>\r\n\t        <\/div>\r\n\t    <\/div>\r\n\t    \t\t<\/div>\n\t\t\t\t<\/div>\n\t\t\t\t<div class=\"elementor-element elementor-element-5a00c1d elementor-widget elementor-widget-iiconbox2\" data-id=\"5a00c1d\" data-element_type=\"widget\" data-widget_type=\"iiconbox2.default\">\n\t\t\t\t<div class=\"elementor-widget-container\">\n\t\t\t\t\t<div class=\"icon-box-s2 s2\">\r\n\t\t\t<div class=\"icon-main\">\r\n\t\t        \t\t\t    \t\t        \t\t        \t        <\/div>\r\n\t        <div class=\"content-box\">\r\n\t            <h5><a href=\"https:\/\/www.globaltechitalia.com\/?page_id=56\">Telecontrollo Illuminazione Pubblica<\/a><\/h5>\r\n\t            <p>Il Sistema di Telecontrollo e Telegestione trasforma gli impianti di illuminazione nella pi\u00f9 estesa rete di comunicazione presente sul territorio urbano ed extraurbano...<\/p>\r\n\t        <\/div>\r\n\t    <\/div>\r\n\t    \t\t<\/div>\n\t\t\t\t<\/div>\n\t\t\t\t\t<\/div>\n\t\t<\/div>\n\t\t\t\t<div class=\"elementor-column elementor-col-33 elementor-top-column elementor-element elementor-element-f96a4c2 ot-flex-column-vertical\" data-id=\"f96a4c2\" data-element_type=\"column\">\n\t\t\t<div class=\"elementor-widget-wrap elementor-element-populated\">\n\t\t\t\t\t\t\t\t<div class=\"elementor-element elementor-element-f283bdd elementor-widget elementor-widget-iiconbox2\" data-id=\"f283bdd\" data-element_type=\"widget\" data-widget_type=\"iiconbox2.default\">\n\t\t\t\t<div class=\"elementor-widget-container\">\n\t\t\t\t\t<div class=\"icon-box-s2 s2\">\r\n\t\t\t<div class=\"icon-main\">\r\n\t\t        \t\t\t    \t\t        \t\t        \t        <\/div>\r\n\t        <div class=\"content-box\">\r\n\t            <h5><a href=\"https:\/\/www.globaltechitalia.com\/?page_id=50\">Monitoraggio del traffico<\/a><\/h5>\r\n\t            <p>Il problema del monitoraggio del traffico, prevedendo in tempo reale le variazioni di flusso veicolare, \u00e8 ormai superato grazie alla soluzione...<\/p>\r\n\t        <\/div>\r\n\t    <\/div>\r\n\t    \t\t<\/div>\n\t\t\t\t<\/div>\n\t\t\t\t<div class=\"elementor-element elementor-element-95bce9e elementor-widget elementor-widget-iiconbox2\" data-id=\"95bce9e\" data-element_type=\"widget\" data-widget_type=\"iiconbox2.default\">\n\t\t\t\t<div class=\"elementor-widget-container\">\n\t\t\t\t\t<div class=\"icon-box-s2 s2\">\r\n\t\t\t<div class=\"icon-main\">\r\n\t\t        \t\t\t    \t\t        \t\t        \t        <\/div>\r\n\t        <div class=\"content-box\">\r\n\t            <h5><a href=\"https:\/\/www.globaltechitalia.com\/?page_id=48\">Urban Center<\/a><\/h5>\r\n\t            <p>Il modulo facilita la fruizione di informazioni, contenuti e servizi, prodotti dalla Pubblica Amministrazione... <br><br><\/p>\r\n\t        <\/div>\r\n\t    <\/div>\r\n\t    \t\t<\/div>\n\t\t\t\t<\/div>\n\t\t\t\t\t<\/div>\n\t\t<\/div>\n\t\t\t\t\t\t\t<\/div>\n\t\t<\/section>\n\t\t\t\t<section class=\"elementor-section elementor-top-section elementor-element elementor-element-20c2d24 ot-traditional elementor-section-boxed elementor-section-height-default elementor-section-height-default\" data-id=\"20c2d24\" data-element_type=\"section\">\n\t\t\t\t\t\t<div class=\"elementor-container elementor-column-gap-default\">\n\t\t\t\t\t<div class=\"elementor-column elementor-col-100 elementor-top-column elementor-element elementor-element-074bfaa ot-flex-column-vertical\" data-id=\"074bfaa\" data-element_type=\"column\">\n\t\t\t<div class=\"elementor-widget-wrap elementor-element-populated\">\n\t\t\t\t\t\t\t\t<div class=\"elementor-element elementor-element-328a58e elementor-widget elementor-widget-html\" data-id=\"328a58e\" data-element_type=\"widget\" data-widget_type=\"html.default\">\n\t\t\t\t<div class=\"elementor-widget-container\">\n\t\t\t<style>\n    .elementor-widget-iiconbox2{\n        cursor:pointer;\n    }\n<\/style>\n<script>\n    var elements = document.getElementsByClassName('elementor-widget-iiconbox2')\n\n    for (let i = 0; i < elements.length; i++) {\n      elements[i].onclick = function(){window.location = elements[i].childNodes[1].childNodes[1].childNodes[3].childNodes[1].children[0].href};\n    }\n<\/script>\t\t<\/div>\n\t\t\t\t<\/div>\n\t\t\t\t<div class=\"elementor-element elementor-element-d3760be elementor-widget elementor-widget-spacer\" data-id=\"d3760be\" data-element_type=\"widget\" data-widget_type=\"spacer.default\">\n\t\t\t\t<div class=\"elementor-widget-container\">\n\t\t\t\t\t<div class=\"elementor-spacer\">\n\t\t\t<div class=\"elementor-spacer-inner\"><\/div>\n\t\t<\/div>\n\t\t\t\t<\/div>\n\t\t\t\t<\/div>\n\t\t\t\t\t<\/div>\n\t\t<\/div>\n\t\t\t\t\t\t\t<\/div>\n\t\t<\/section>\n\t\t\t\t\t\t\t<\/div>\n\t\t","protected":false},"excerpt":{"rendered":"<p>Progettiamo e realizziamo piattaforme di servizi pronti per essere connessi, trasformando gli impianti di illuminazione esistenti nella pi\u00f9 estesa rete di comunicazione presente sui territori urbani ed extra-urbani, attivando una ampia gamma di servizi per migliorare la qualit\u00e0 della vita e rendere le citt\u00e0 pi\u00f9 Smart, sicure ed ecosostenibili. I cambiamenti in atto impongono di [&hellip;]<\/p>\n","protected":false},"author":3,"featured_media":0,"parent":0,"menu_order":1,"comment_status":"closed","ping_status":"closed","template":"","meta":{"footnotes":""},"_links":{"self":[{"href":"https:\/\/www.globaltechitalia.com\/index.php?rest_route=\/wp\/v2\/pages\/10"}],"collection":[{"href":"https:\/\/www.globaltechitalia.com\/index.php?rest_route=\/wp\/v2\/pages"}],"about":[{"href":"https:\/\/www.globaltechitalia.com\/index.php?rest_route=\/wp\/v2\/types\/page"}],"author":[{"embeddable":true,"href":"https:\/\/www.globaltechitalia.com\/index.php?rest_route=\/wp\/v2\/users\/3"}],"replies":[{"embeddable":true,"href":"https:\/\/www.globaltechitalia.com\/index.php?rest_route=%2Fwp%2Fv2%2Fcomments&post=10"}],"version-history":[{"count":72,"href":"https:\/\/www.globaltechitalia.com\/index.php?rest_route=\/wp\/v2\/pages\/10\/revisions"}],"predecessor-version":[{"id":6841,"href":"https:\/\/www.globaltechitalia.com\/index.php?rest_route=\/wp\/v2\/pages\/10\/revisions\/6841"}],"wp:attachment":[{"href":"https:\/\/www.globaltechitalia.com\/index.php?rest_route=%2Fwp%2Fv2%2Fmedia&parent=10"}],"curies":[{"name":"wp","href":"https:\/\/api.w.org\/{rel}","templated":true}]}}