{"id":35,"date":"2016-04-18T17:38:27","date_gmt":"2016-04-18T15:38:27","guid":{"rendered":"https:\/\/globaltechitalia.com\/francesco\/?page_id=35"},"modified":"2022-05-11T12:44:58","modified_gmt":"2022-05-11T10:44:58","slug":"smart-logistic","status":"publish","type":"page","link":"https:\/\/www.globaltechitalia.com\/?page_id=35","title":{"rendered":"Smart Logistic"},"content":{"rendered":"\t\t<div data-elementor-type=\"wp-page\" data-elementor-id=\"35\" class=\"elementor elementor-35\">\n\t\t\t\t\t\t\t\t\t<section class=\"elementor-section elementor-top-section elementor-element elementor-element-a875639 ot-traditional elementor-section-boxed elementor-section-height-default elementor-section-height-default\" data-id=\"a875639\" data-element_type=\"section\">\n\t\t\t\t\t\t<div class=\"elementor-container elementor-column-gap-default\">\n\t\t\t\t\t<div class=\"elementor-column elementor-col-100 elementor-top-column elementor-element elementor-element-9c77935 ot-flex-column-vertical\" data-id=\"9c77935\" data-element_type=\"column\">\n\t\t\t<div class=\"elementor-widget-wrap elementor-element-populated\">\n\t\t\t\t\t\t\t\t<div class=\"elementor-element elementor-element-e8146bb elementor-widget elementor-widget-spacer\" data-id=\"e8146bb\" data-element_type=\"widget\" data-widget_type=\"spacer.default\">\n\t\t\t\t<div class=\"elementor-widget-container\">\n\t\t\t<style>\/*! elementor - v3.11.5 - 14-03-2023 *\/\n.elementor-column .elementor-spacer-inner{height:var(--spacer-size)}.e-con{--container-widget-width:100%}.e-con-inner>.elementor-widget-spacer,.e-con>.elementor-widget-spacer{width:var(--container-widget-width,var(--spacer-size));--align-self:var(--container-widget-align-self,initial);--flex-shrink:0}.e-con-inner>.elementor-widget-spacer>.elementor-widget-container,.e-con-inner>.elementor-widget-spacer>.elementor-widget-container>.elementor-spacer,.e-con>.elementor-widget-spacer>.elementor-widget-container,.e-con>.elementor-widget-spacer>.elementor-widget-container>.elementor-spacer{height:100%}.e-con-inner>.elementor-widget-spacer>.elementor-widget-container>.elementor-spacer>.elementor-spacer-inner,.e-con>.elementor-widget-spacer>.elementor-widget-container>.elementor-spacer>.elementor-spacer-inner{height:var(--container-widget-height,var(--spacer-size))}<\/style>\t\t<div class=\"elementor-spacer\">\n\t\t\t<div class=\"elementor-spacer-inner\"><\/div>\n\t\t<\/div>\n\t\t\t\t<\/div>\n\t\t\t\t<\/div>\n\t\t\t\t\t<\/div>\n\t\t<\/div>\n\t\t\t\t\t\t\t<\/div>\n\t\t<\/section>\n\t\t\t\t<section class=\"elementor-section elementor-top-section elementor-element elementor-element-78bb2af2 ot-traditional elementor-section-boxed elementor-section-height-default elementor-section-height-default\" data-id=\"78bb2af2\" data-element_type=\"section\">\n\t\t\t\t\t\t<div class=\"elementor-container elementor-column-gap-default\">\n\t\t\t\t\t<div class=\"elementor-column elementor-col-100 elementor-top-column elementor-element elementor-element-170e69f9 ot-flex-column-vertical\" data-id=\"170e69f9\" data-element_type=\"column\">\n\t\t\t<div class=\"elementor-widget-wrap elementor-element-populated\">\n\t\t\t\t\t\t\t\t<div class=\"elementor-element elementor-element-72409703 elementor-widget elementor-widget-text-editor\" data-id=\"72409703\" data-element_type=\"widget\" data-widget_type=\"text-editor.default\">\n\t\t\t\t<div class=\"elementor-widget-container\">\n\t\t\t<style>\/*! elementor - v3.11.5 - 14-03-2023 *\/\n.elementor-widget-text-editor.elementor-drop-cap-view-stacked .elementor-drop-cap{background-color:#818a91;color:#fff}.elementor-widget-text-editor.elementor-drop-cap-view-framed .elementor-drop-cap{color:#818a91;border:3px solid;background-color:transparent}.elementor-widget-text-editor:not(.elementor-drop-cap-view-default) .elementor-drop-cap{margin-top:8px}.elementor-widget-text-editor:not(.elementor-drop-cap-view-default) .elementor-drop-cap-letter{width:1em;height:1em}.elementor-widget-text-editor .elementor-drop-cap{float:left;text-align:center;line-height:1;font-size:50px}.elementor-widget-text-editor .elementor-drop-cap-letter{display:inline-block}<\/style>\t\t\t\tIl progetto Smart Logistic, finanziato dal Ministero dello Sviluppo Economico nell&#8217;ambito del Bando Industria 2015, mira a realizzare un sistema di tracciamento in tempo reale di merci critiche (preziosi, farmaceutici, radioattivi, &nbsp;etc.) utilizzando tecnologie innovative basate su modelli ed algoritmi di brevetto nazionale, sia di tipo biometrico avanzato (riconoscimento del volto, dell\u2019iride, dell\u2019impronta digitale), gestite da un innovativo sistema di supporto alle decisioni.\n<div>Grazie a dei sensori di controllo sui contenitori e sul veicolo di trasporto (sia esso terrestre, aereo o navale) in ogni momento sar\u00e0 possibile avere riscontro della posizione della merce, vedere l\u2019ambiente e udire i rumori circostanti, conoscerne le vicende logistiche ( ispezioni, verifiche, trasferimenti di vettore, etc. ).&nbsp;Inoltre, in caso di eventi imprevisti ( rapina, incidente del vettore, variazioni di percorso, etc. ) un sistema di Intelligenza Artificiale a supporto delle decisioni azioner\u00e0 automaticamente una serie di presidi di intervento, oggi normalmente affidati alla gestione umana, con tempi &nbsp;lunghi e infiniti fattori di imprevedibilit\u00e0.&nbsp;In caso di trasporti di particolare criticit\u00e0, sar\u00e0 possibile collegare in tempo reale i sistemi miniaturizzati di videosorveglianza con eventuali databases criminali e, tramite sistemi di riconoscimento facciale 3D, verificare se nei pressi del trasporto si evidenziano elementi potenzialmente pericolosi. Il tutto in tempo reale.<\/div>\t\t\t\t\t\t<\/div>\n\t\t\t\t<\/div>\n\t\t\t\t<div class=\"elementor-element elementor-element-d523a5e elementor-widget elementor-widget-spacer\" data-id=\"d523a5e\" data-element_type=\"widget\" data-widget_type=\"spacer.default\">\n\t\t\t\t<div class=\"elementor-widget-container\">\n\t\t\t\t\t<div class=\"elementor-spacer\">\n\t\t\t<div class=\"elementor-spacer-inner\"><\/div>\n\t\t<\/div>\n\t\t\t\t<\/div>\n\t\t\t\t<\/div>\n\t\t\t\t\t<\/div>\n\t\t<\/div>\n\t\t\t\t\t\t\t<\/div>\n\t\t<\/section>\n\t\t\t\t\t\t\t<\/div>\n\t\t","protected":false},"excerpt":{"rendered":"<p>Il progetto Smart Logistic, finanziato dal Ministero dello Sviluppo Economico nell&#8217;ambito del Bando Industria 2015, mira a realizzare un sistema di tracciamento in tempo reale di merci critiche (preziosi, farmaceutici, radioattivi, &nbsp;etc.) utilizzando tecnologie innovative basate su modelli ed algoritmi di brevetto nazionale, sia di tipo biometrico avanzato (riconoscimento del volto, dell\u2019iride, dell\u2019impronta digitale), gestite [&hellip;]<\/p>\n","protected":false},"author":3,"featured_media":0,"parent":12,"menu_order":2,"comment_status":"closed","ping_status":"closed","template":"","meta":{"footnotes":""},"_links":{"self":[{"href":"https:\/\/www.globaltechitalia.com\/index.php?rest_route=\/wp\/v2\/pages\/35"}],"collection":[{"href":"https:\/\/www.globaltechitalia.com\/index.php?rest_route=\/wp\/v2\/pages"}],"about":[{"href":"https:\/\/www.globaltechitalia.com\/index.php?rest_route=\/wp\/v2\/types\/page"}],"author":[{"embeddable":true,"href":"https:\/\/www.globaltechitalia.com\/index.php?rest_route=\/wp\/v2\/users\/3"}],"replies":[{"embeddable":true,"href":"https:\/\/www.globaltechitalia.com\/index.php?rest_route=%2Fwp%2Fv2%2Fcomments&post=35"}],"version-history":[{"count":10,"href":"https:\/\/www.globaltechitalia.com\/index.php?rest_route=\/wp\/v2\/pages\/35\/revisions"}],"predecessor-version":[{"id":6419,"href":"https:\/\/www.globaltechitalia.com\/index.php?rest_route=\/wp\/v2\/pages\/35\/revisions\/6419"}],"up":[{"embeddable":true,"href":"https:\/\/www.globaltechitalia.com\/index.php?rest_route=\/wp\/v2\/pages\/12"}],"wp:attachment":[{"href":"https:\/\/www.globaltechitalia.com\/index.php?rest_route=%2Fwp%2Fv2%2Fmedia&parent=35"}],"curies":[{"name":"wp","href":"https:\/\/api.w.org\/{rel}","templated":true}]}}