{"id":7411,"date":"2026-04-13T10:21:56","date_gmt":"2026-04-13T08:21:56","guid":{"rendered":"https:\/\/www.globaltechitalia.com\/?page_id=7411"},"modified":"2026-04-13T10:24:29","modified_gmt":"2026-04-13T08:24:29","slug":"mis3d-ai","status":"publish","type":"page","link":"https:\/\/www.globaltechitalia.com\/?page_id=7411","title":{"rendered":"MIS3D-AI"},"content":{"rendered":"\t\t<div data-elementor-type=\"wp-page\" data-elementor-id=\"7411\" class=\"elementor elementor-7411\">\n\t\t\t\t\t\t\t\t\t<section class=\"elementor-section elementor-top-section elementor-element elementor-element-450ad13 ot-traditional elementor-section-boxed elementor-section-height-default elementor-section-height-default\" data-id=\"450ad13\" data-element_type=\"section\">\n\t\t\t\t\t\t<div class=\"elementor-container elementor-column-gap-default\">\n\t\t\t\t\t<div class=\"elementor-column elementor-col-100 elementor-top-column elementor-element elementor-element-9863388 ot-flex-column-vertical\" data-id=\"9863388\" data-element_type=\"column\">\n\t\t\t<div class=\"elementor-widget-wrap elementor-element-populated\">\n\t\t\t\t\t\t\t\t<div class=\"elementor-element elementor-element-d704139 elementor-widget elementor-widget-text-editor\" data-id=\"d704139\" data-element_type=\"widget\" data-widget_type=\"text-editor.default\">\n\t\t\t\t<div class=\"elementor-widget-container\">\n\t\t\t<style>\/*! elementor - v3.11.5 - 14-03-2023 *\/\n.elementor-widget-text-editor.elementor-drop-cap-view-stacked .elementor-drop-cap{background-color:#818a91;color:#fff}.elementor-widget-text-editor.elementor-drop-cap-view-framed .elementor-drop-cap{color:#818a91;border:3px solid;background-color:transparent}.elementor-widget-text-editor:not(.elementor-drop-cap-view-default) .elementor-drop-cap{margin-top:8px}.elementor-widget-text-editor:not(.elementor-drop-cap-view-default) .elementor-drop-cap-letter{width:1em;height:1em}.elementor-widget-text-editor .elementor-drop-cap{float:left;text-align:center;line-height:1;font-size:50px}.elementor-widget-text-editor .elementor-drop-cap-letter{display:inline-block}<\/style>\t\t\t\t<img loading=\"lazy\" decoding=\"async\" src=\"https:\/\/www.globaltechitalia.com\/wp-content\/uploads\/2026\/04\/banner-MIS3D-AI.png\" alt=\"\" width=\"90000\" height=\"32\" style=\"margin-top: 40px;\" \/>\n<h4><\/h4>\n&nbsp;\n<h4><b>Progetto \u201cMedical Information System 3D-AI\u201d<\/b><\/h4>\n&nbsp;\n<div><\/div>\n<div>Il progetto \u201cMedical Information System 3D-AI\u201d (in breve MIS 3D-AI) si pone l\u2019obiettivo di realizzare di un sistema integrato di Imaging 3D evoluto di supporto alla componente medico clinica. Il sistema intende cogliere l\u2019esigenza della consultazione diagnostiche a distanza, mediante diverse tecniche di telemedicina e di teleconsulto, al fine di consentire quindi anche da remoto l\u2019esecuzione di diagnosi e consulti medici (second opinion).<\/div>\n&nbsp;\n<div>MIS 3D-AI sar\u00e0 una Piattaforma Enterprise Modulare, dalla quale accedere con facilit\u00e0 ai diversi servizi di Imaging 3D avanzato. Il sistema MIS 3D implementer\u00e0 un motore grafico bidimensionale e tridimensionale, dotato di numerose funzioni avanzate per l\u2019editing e il post-processing delle immagini diagnostiche.<\/div>\n&nbsp;\n<div>Una componente importante sar\u00e0 il motore grafico di renderizzazione che si baser\u00e0 sull\u2019utilizzo di una tecnologia innovativa per la rappresentazione dei dati tridimensionali. La renderizzazione avverr\u00e0 mediante tecniche stereoscopiche 3D di tipo side-by-side e anaglifo.<\/div>\n&nbsp;\n<div>MIS 3D-AI vuole essere dunque un sistema che supporta scienziati e medici fornendo strutture per l&#8217;analisi di casi di studio e l&#8217;imaging diagnostico in un ambiente virtuale condiviso con funzioni dedicate per l&#8217;ambiente mobile.<\/div>\n&nbsp;\n<div>Decreto di concessione: <a href=\"https:\/\/www.globaltechitalia.com\/wp-content\/uploads\/2026\/04\/158_DIR_2026_00209_DeterminaPUB.pdf\" target=\"_blank\" rel=\"noopener\">link<\/a><\/div>\n&nbsp;\t\t\t\t\t\t<\/div>\n\t\t\t\t<\/div>\n\t\t\t\t\t<\/div>\n\t\t<\/div>\n\t\t\t\t\t\t\t<\/div>\n\t\t<\/section>\n\t\t\t\t\t\t\t<\/div>\n\t\t","protected":false},"excerpt":{"rendered":"<p>&nbsp; Progetto \u201cMedical Information System 3D-AI\u201d &nbsp; Il progetto \u201cMedical Information System 3D-AI\u201d (in breve MIS 3D-AI) si pone l\u2019obiettivo di realizzare di un sistema integrato di Imaging 3D evoluto di supporto alla componente medico clinica. Il sistema intende cogliere l\u2019esigenza della consultazione diagnostiche a distanza, mediante diverse tecniche di telemedicina e di teleconsulto, al [&hellip;]<\/p>\n","protected":false},"author":3,"featured_media":0,"parent":12,"menu_order":0,"comment_status":"closed","ping_status":"closed","template":"","meta":{"footnotes":""},"_links":{"self":[{"href":"https:\/\/www.globaltechitalia.com\/index.php?rest_route=\/wp\/v2\/pages\/7411"}],"collection":[{"href":"https:\/\/www.globaltechitalia.com\/index.php?rest_route=\/wp\/v2\/pages"}],"about":[{"href":"https:\/\/www.globaltechitalia.com\/index.php?rest_route=\/wp\/v2\/types\/page"}],"author":[{"embeddable":true,"href":"https:\/\/www.globaltechitalia.com\/index.php?rest_route=\/wp\/v2\/users\/3"}],"replies":[{"embeddable":true,"href":"https:\/\/www.globaltechitalia.com\/index.php?rest_route=%2Fwp%2Fv2%2Fcomments&post=7411"}],"version-history":[{"count":4,"href":"https:\/\/www.globaltechitalia.com\/index.php?rest_route=\/wp\/v2\/pages\/7411\/revisions"}],"predecessor-version":[{"id":7416,"href":"https:\/\/www.globaltechitalia.com\/index.php?rest_route=\/wp\/v2\/pages\/7411\/revisions\/7416"}],"up":[{"embeddable":true,"href":"https:\/\/www.globaltechitalia.com\/index.php?rest_route=\/wp\/v2\/pages\/12"}],"wp:attachment":[{"href":"https:\/\/www.globaltechitalia.com\/index.php?rest_route=%2Fwp%2Fv2%2Fmedia&parent=7411"}],"curies":[{"name":"wp","href":"https:\/\/api.w.org\/{rel}","templated":true}]}}